{"id":1047,"date":"2021-02-13T20:51:24","date_gmt":"2021-02-13T23:51:24","guid":{"rendered":"https:\/\/icscpaz-sal.infd.edu.ar\/sitio\/?page_id=1047"},"modified":"2021-03-04T12:07:14","modified_gmt":"2021-03-04T15:07:14","slug":"atencion-al-publico","status":"publish","type":"page","link":"https:\/\/icscpaz-sal.infd.edu.ar\/sitio\/datos-institucionales\/atencion-al-publico\/","title":{"rendered":"Atenci\u00f3n al p\u00fablico"},"content":{"rendered":"<h2><strong>Para comunicarse con Preceptor\u00eda:<\/strong><\/h2>\n<h3><img decoding=\"async\" loading=\"lazy\" class=\"aligncenter size-full wp-image-1057\" src=\"https:\/\/icscpaz-sal.infd.edu.ar\/sitio\/wp-content\/uploads\/2021\/02\/Captura-de-pantalla-2021-02-18-a-las-21.23.15.png\" alt=\"\" width=\"1260\" height=\"1220\" srcset=\"https:\/\/icscpaz-sal.infd.edu.ar\/sitio\/wp-content\/uploads\/2021\/02\/Captura-de-pantalla-2021-02-18-a-las-21.23.15.png 1260w, https:\/\/icscpaz-sal.infd.edu.ar\/sitio\/wp-content\/uploads\/2021\/02\/Captura-de-pantalla-2021-02-18-a-las-21.23.15-1000x968.png 1000w, https:\/\/icscpaz-sal.infd.edu.ar\/sitio\/wp-content\/uploads\/2021\/02\/Captura-de-pantalla-2021-02-18-a-las-21.23.15-768x744.png 768w\" sizes=\"(max-width: 1260px) 100vw, 1260px\" \/><\/h3>\n<h2><\/h2>\n<h2><strong>Para solicitar constancia:<\/strong><\/h2>\n<h3>&#8211;\u00a0 Constancia de alumno regular.<\/h3>\n<h3>La misma se puede extender desde el inicio del ciclo 2021: 10 de Marzo.<\/h3>\n<h3>En estos momentos se extienden:<\/h3>\n<ul>\n<li>\n<h3>Para estudiantes que ya est\u00e1n cursando la carrera: constancias que cubren las fechas de ex\u00e1menes desde el 10\/02 hasta el 05\/03.<\/h3>\n<\/li>\n<li>\n<h3>Para postulantes: constancia correspondiente al per\u00edodo de Ambientaci\u00f3n desde 10\/02 al 05\/03.<\/h3>\n<\/li>\n<\/ul>\n<h3><em>La constancia de alumno regular solo podr\u00e1 extenderse luego de registrar inscripci\u00f3n ( 8 y 9 de Marzo de 2021).<\/em><\/h3>\n<p>&nbsp;<\/p>\n<p>&nbsp;<\/p>\n<p><img decoding=\"async\" loading=\"lazy\" class=\"aligncenter size-full wp-image-1045\" src=\"https:\/\/icscpaz-sal.infd.edu.ar\/sitio\/wp-content\/uploads\/2021\/02\/DGES-ProtocoloBioseguridad.png\" alt=\"\" width=\"1587\" height=\"2245\" srcset=\"https:\/\/icscpaz-sal.infd.edu.ar\/sitio\/wp-content\/uploads\/2021\/02\/DGES-ProtocoloBioseguridad.png 1587w, https:\/\/icscpaz-sal.infd.edu.ar\/sitio\/wp-content\/uploads\/2021\/02\/DGES-ProtocoloBioseguridad-707x1000.png 707w, https:\/\/icscpaz-sal.infd.edu.ar\/sitio\/wp-content\/uploads\/2021\/02\/DGES-ProtocoloBioseguridad-768x1086.png 768w, https:\/\/icscpaz-sal.infd.edu.ar\/sitio\/wp-content\/uploads\/2021\/02\/DGES-ProtocoloBioseguridad-1343x1900.png 1343w\" sizes=\"(max-width: 1587px) 100vw, 1587px\" \/><\/p>\n<p>&nbsp;<\/p>\n<p>&nbsp;<\/p>\n<h3 style=\"text-align: center;\"><em>Sigamos cuid\u00e1ndonos!!<\/em><\/h3>\n","protected":false},"excerpt":{"rendered":"<p>Para comunicarse con Preceptor\u00eda: Para solicitar constancia: &#8211;\u00a0 Constancia de alumno regular. La misma se puede extender desde el inicio del ciclo 2021: 10 de Marzo. En estos momentos se extienden: Para estudiantes que ya est\u00e1n cursando la carrera: constancias que cubren las fechas de ex\u00e1menes desde el 10\/02 hasta el 05\/03. Para postulantes: constancia &#8230; <a title=\"Atenci\u00f3n al p\u00fablico\" class=\"read-more\" href=\"https:\/\/icscpaz-sal.infd.edu.ar\/sitio\/datos-institucionales\/atencion-al-publico\/\" aria-label=\"More on Atenci\u00f3n al p\u00fablico\">[+]<\/a><\/p>\n","protected":false},"author":317,"featured_media":0,"parent":775,"menu_order":0,"comment_status":"closed","ping_status":"closed","template":"","meta":[],"acf":[],"_links":{"self":[{"href":"https:\/\/icscpaz-sal.infd.edu.ar\/sitio\/wp-json\/wp\/v2\/pages\/1047"}],"collection":[{"href":"https:\/\/icscpaz-sal.infd.edu.ar\/sitio\/wp-json\/wp\/v2\/pages"}],"about":[{"href":"https:\/\/icscpaz-sal.infd.edu.ar\/sitio\/wp-json\/wp\/v2\/types\/page"}],"author":[{"embeddable":true,"href":"https:\/\/icscpaz-sal.infd.edu.ar\/sitio\/wp-json\/wp\/v2\/users\/317"}],"replies":[{"embeddable":true,"href":"https:\/\/icscpaz-sal.infd.edu.ar\/sitio\/wp-json\/wp\/v2\/comments?post=1047"}],"version-history":[{"count":3,"href":"https:\/\/icscpaz-sal.infd.edu.ar\/sitio\/wp-json\/wp\/v2\/pages\/1047\/revisions"}],"predecessor-version":[{"id":1060,"href":"https:\/\/icscpaz-sal.infd.edu.ar\/sitio\/wp-json\/wp\/v2\/pages\/1047\/revisions\/1060"}],"up":[{"embeddable":true,"href":"https:\/\/icscpaz-sal.infd.edu.ar\/sitio\/wp-json\/wp\/v2\/pages\/775"}],"wp:attachment":[{"href":"https:\/\/icscpaz-sal.infd.edu.ar\/sitio\/wp-json\/wp\/v2\/media?parent=1047"}],"curies":[{"name":"wp","href":"https:\/\/api.w.org\/{rel}","templated":true}]}}