{"id":1067,"date":"2021-03-04T12:18:13","date_gmt":"2021-03-04T15:18:13","guid":{"rendered":"https:\/\/icscpaz-sal.infd.edu.ar\/sitio\/?page_id=1067"},"modified":"2021-03-04T12:18:13","modified_gmt":"2021-03-04T15:18:13","slug":"preinscripcion-de-postulantes-al-ciclo-2021","status":"publish","type":"page","link":"https:\/\/icscpaz-sal.infd.edu.ar\/sitio\/preinscripciones-a-carreras-2-021\/preinscripcion-de-postulantes-al-ciclo-2021\/","title":{"rendered":"Preinscripci\u00f3n de postulantes al Ciclo 2021!"},"content":{"rendered":"<p>&nbsp;<\/p>\n<h1><img decoding=\"async\" loading=\"lazy\" class=\"aligncenter size-full wp-image-1021\" src=\"https:\/\/icscpaz-sal.infd.edu.ar\/sitio\/wp-content\/uploads\/2021\/02\/6016_COLLAGGE_10_FEB.png\" alt=\"\" width=\"2000\" height=\"1600\" srcset=\"https:\/\/icscpaz-sal.infd.edu.ar\/sitio\/wp-content\/uploads\/2021\/02\/6016_COLLAGGE_10_FEB.png 2000w, https:\/\/icscpaz-sal.infd.edu.ar\/sitio\/wp-content\/uploads\/2021\/02\/6016_COLLAGGE_10_FEB-1000x800.png 1000w, https:\/\/icscpaz-sal.infd.edu.ar\/sitio\/wp-content\/uploads\/2021\/02\/6016_COLLAGGE_10_FEB-768x614.png 768w, https:\/\/icscpaz-sal.infd.edu.ar\/sitio\/wp-content\/uploads\/2021\/02\/6016_COLLAGGE_10_FEB-1900x1520.png 1900w\" sizes=\"(max-width: 2000px) 100vw, 2000px\" \/><\/h1>\n<h1 style=\"text-align: center;\"><span style=\"color: #000080;\"><strong>CURSO DE INGRESO AL CICLO LECTIVO 2.021<\/strong><\/span><\/h1>\n<h2><span style=\"color: #800080;\">Duraci\u00f3n: <span style=\"color: #000000;\">10 de Febrero al 5 de Marzo<\/span><\/span><\/h2>\n<h2><span style=\"color: #800080;\">Cursado: <span style=\"color: #000000;\">obligatorio<\/span><\/span><\/h2>\n<h2><span style=\"color: #800080;\">Modalidad: <span style=\"color: #000000;\">virtual y\/o presencial, seg\u00fan la carrera.\u00a0<\/span><\/span><\/h2>\n<h2><span style=\"color: #800080;\">Canales de comunicaci\u00f3n: <span style=\"color: #000000;\">encuentros on line v\u00eda Zoom, Meet o similar, encuentros presenciales cumpliendo con el protocolo en algunos espacios y trabajo asincr\u00f3nico en el aula virtual del Curso.<\/span><\/span><\/h2>\n<h4><em><span style=\"color: #ff0000;\"><strong>Importante:<\/strong><\/span> Chequear peri\u00f3dicamente el correo electr\u00f3nico y tambi\u00e9n, ingresar al aula virtual con frecuencia. Por all\u00ed se compartir\u00e1 el material, se realizar\u00e1n algunas actividades y acceder\u00e1n al formulario de inscripci\u00f3n las y los postulantes que aprobaron el curso de ingreso.<\/em><\/h4>\n<h2><span style=\"color: #800080;\">8 y 9 de Marzo de 2021: <span style=\"color: #000000;\">Publicaci\u00f3n del Cronograma de inscripci\u00f3n a Carreras de la Oferta 2021, de aquellas y aquellos postulantes que hayan aprobado el curso de ingreso y tambi\u00e9n, de los que ya son estudiantes de la Instituci\u00f3n.<\/span><\/span><\/h2>\n<p>&nbsp;<\/p>\n<h1 style=\"text-align: center;\"><span style=\"color: #000080;\"><strong>PREINSCRIPCIONES en FEBRERO 2.021<\/strong><\/span><\/h1>\n<h1 style=\"text-align: center;\"><span style=\"color: #ff0000;\">CERRADAS!!<\/span><\/h1>\n<p>&nbsp;<\/p>\n<h2><\/h2>\n<h2><span style=\"color: #800080;\">Las y los invitamos <span style=\"color: #000000;\">a conocer el Instituto<\/span><\/span><span style=\"color: #000000;\">,<\/span> la normativa vigente para educaci\u00f3n superior y tambi\u00e9n, la oferta educativa 2.021.<\/h2>\n<h2>PASO 1: Haga click y explore, usando la siguiente <span style=\"color: #800080;\">gu\u00eda de viaje<\/span>.<\/h2>\n<p>&nbsp;<\/p>\n<div style=\"width: 100%;\">\n<div style=\"position: relative; padding-bottom: 56.25%; padding-top: 0; height: 0;\"><iframe loading=\"lazy\" style=\"position: absolute; top: 0; left: 0; width: 100%; height: 100%;\" src=\"https:\/\/view.genial.ly\/5fdfdbe598d5210dac6fa77b\" width=\"1200\" height=\"675\" frameborder=\"0\" scrolling=\"yes\" allowfullscreen=\"allowfullscreen\"><\/iframe><\/div>\n<\/div>\n<p>&nbsp;<\/p>\n<h2>PASO 2: Complete el formulario de preinscripci\u00f3n a la carrera que eligi\u00f3, durante las fechas de habilitaci\u00f3n.<\/h2>\n<p>&nbsp;<\/p>\n<h3 style=\"padding-left: 30px;\"><span style=\"color: #800080;\">Profesorado de Educaci\u00f3n F\u00edsica<\/span>: <a href=\"https:\/\/docs.google.com\/forms\/d\/e\/1FAIpQLSe9yUs-F1eOIwfqTNfvB-P3gjQJ-1EAkDYcGFRtcMgPFQi-GQ\/viewform\">click aqu\u00ed<\/a> para acceder al formulario de preinscripci\u00f3n<\/h3>\n<p>&nbsp;<\/p>\n<h3 style=\"padding-left: 30px;\"><span style=\"color: #800080;\">Profesorado de Ingl\u00e9s<\/span>:\u00a0<a href=\"https:\/\/docs.google.com\/forms\/d\/e\/1FAIpQLSeXol2LvXG2Uv3leOHtngd0HXGRO8ijmQ4vWRT_KAgEJaAWDg\/viewform\">click aqu\u00ed<\/a> para acceder al formulario de preinscripci\u00f3n<\/h3>\n<p style=\"text-align: center;\"><iframe loading=\"lazy\" src=\"https:\/\/www.youtube.com\/embed\/wP21g02ssCU\" width=\"560\" height=\"315\" frameborder=\"0\" allowfullscreen=\"allowfullscreen\"><\/iframe><\/p>\n<p>&nbsp;<\/p>\n<h3 style=\"padding-left: 30px;\"><span style=\"color: #800080;\">Tecnicatura Superior en Higiene y Seguridad en el trabajo<\/span>: <a href=\"https:\/\/docs.google.com\/forms\/d\/e\/1FAIpQLSchfzNVOFzcz1EkBu65aqJMtDu0-ThkLi1FF8iteRvB8q4vAw\/viewform\">click aqu\u00ed<\/a> para acceder al formulario de preinscripci\u00f3n<\/h3>\n<p style=\"text-align: center;\"><iframe loading=\"lazy\" src=\"https:\/\/www.youtube.com\/embed\/ZVGn1VfjsP0\" width=\"560\" height=\"315\" frameborder=\"0\" allowfullscreen=\"allowfullscreen\"><\/iframe><\/p>\n<p>&nbsp;<\/p>\n<h3 style=\"padding-left: 30px;\"><span style=\"color: #800080;\">Tecnicatura Superior en Agroalimentos<\/span>: <a href=\"https:\/\/docs.google.com\/forms\/d\/e\/1FAIpQLScsgBlt_KAeWfiJnyJJRYzdOKg-VBKyKbgdB9FlRPMWo-AWvw\/viewform\">click aqu\u00ed<\/a> para acceder al formulario de preinscripci\u00f3n<\/h3>\n<p style=\"text-align: center;\"><iframe loading=\"lazy\" src=\"https:\/\/www.youtube.com\/embed\/AQtvTPq3rss\" width=\"560\" height=\"315\" frameborder=\"0\" allowfullscreen=\"allowfullscreen\"><\/iframe><\/p>\n<p>&nbsp;<\/p>\n<h3 style=\"padding-left: 30px;\"><span style=\"color: #800080;\">Tecnicatura Superior en Comunicaci\u00f3n Social orientada al Desarrollo local: <span style=\"color: #000000;\"><a href=\"https:\/\/forms.gle\/3ky5HLccbSjjYHoN8\">click aqu\u00ed<\/a> para acceder al formulario de preinscripci\u00f3n.<\/span><\/span><\/h3>\n<p>&nbsp;<\/p>\n<p><img decoding=\"async\" loading=\"lazy\" class=\"wp-image-988 aligncenter\" src=\"https:\/\/icscpaz-sal.infd.edu.ar\/sitio\/wp-content\/uploads\/2020\/12\/Clave.png\" alt=\"\" width=\"79\" height=\"78\" \/><\/p>\n<h4 style=\"text-align: center;\">Se requiere adjuntar en formato pdf, documentaci\u00f3n probatoria de estudios secundarios finalizados, sea constancia, certificaci\u00f3n o t\u00edtulo.<\/h4>\n<h4 style=\"text-align: center;\">\u00a0Para convertir imagen u otro tipo de documento en pdf, puedes usar Ilovepdf, disponible en: <a href=\"https:\/\/www.ilovepdf.com\/es\/jpg_a_pdf\">https:\/\/www.ilovepdf.com\/es\/jpg_a_pdf\u00a0<\/a><\/h4>\n<p>&nbsp;<\/p>\n<h2>PASO 3: Para saber si el formulario fue enviado correctamente, chequee la bandeja de mensajes del correo que registr\u00f3 en el formulario, por favor.<\/h2>\n<h4 style=\"text-align: center;\"><span style=\"color: #ff0000;\">Si no encuentra el mensaje en la bandeja de \u201cRecibidos\u201d,<\/span><\/h4>\n<h4 style=\"text-align: center;\"><span style=\"color: #ff0000;\">revise la carpeta de Spam o correos no deseados <\/span><span style=\"color: #ff0000;\">y si tampoco la encuentra ah\u00ed, <\/span><\/h4>\n<h4 style=\"text-align: center;\"><span style=\"color: #ff0000;\">complete nuevamente, por favor.\u00a0<\/span><\/h4>\n<p>&nbsp;<\/p>\n<h2><\/h2>\n<h2>Curso de ingreso: Encuentro inicial<\/h2>\n<p><img decoding=\"async\" loading=\"lazy\" class=\"aligncenter wp-image-1017 size-full\" src=\"https:\/\/icscpaz-sal.infd.edu.ar\/sitio\/wp-content\/uploads\/2021\/02\/6016_Ingreso_10_Feb.gif\" alt=\"\" width=\"908\" height=\"1284\" \/><\/p>\n<h2><\/h2>\n<h2>Cualquier consulta por aqu\u00ed!<\/h2>\n<p style=\"text-align: center;\"><img decoding=\"async\" loading=\"lazy\" class=\"aligncenter size-medium wp-image-997\" src=\"https:\/\/icscpaz-sal.infd.edu.ar\/sitio\/wp-content\/uploads\/2021\/02\/Captura-de-pantalla-2021-02-04-a-las-23.32.53-1000x631.png\" alt=\"\" width=\"1000\" height=\"631\" srcset=\"https:\/\/icscpaz-sal.infd.edu.ar\/sitio\/wp-content\/uploads\/2021\/02\/Captura-de-pantalla-2021-02-04-a-las-23.32.53-1000x631.png 1000w, https:\/\/icscpaz-sal.infd.edu.ar\/sitio\/wp-content\/uploads\/2021\/02\/Captura-de-pantalla-2021-02-04-a-las-23.32.53-768x485.png 768w, https:\/\/icscpaz-sal.infd.edu.ar\/sitio\/wp-content\/uploads\/2021\/02\/Captura-de-pantalla-2021-02-04-a-las-23.32.53.png 1258w\" sizes=\"(max-width: 1000px) 100vw, 1000px\" \/><\/p>\n<p>&nbsp;<\/p>\n<p>&nbsp;<\/p>\n<p>&nbsp;<\/p>\n","protected":false},"excerpt":{"rendered":"<p>&nbsp; CURSO DE INGRESO AL CICLO LECTIVO 2.021 Duraci\u00f3n: 10 de Febrero al 5 de Marzo Cursado: obligatorio Modalidad: virtual y\/o presencial, seg\u00fan la carrera.\u00a0 Canales de comunicaci\u00f3n: encuentros on line v\u00eda Zoom, Meet o similar, encuentros presenciales cumpliendo con el protocolo en algunos espacios y trabajo asincr\u00f3nico en el aula virtual del Curso. Importante: &#8230; <a title=\"Preinscripci\u00f3n de postulantes al Ciclo 2021!\" class=\"read-more\" href=\"https:\/\/icscpaz-sal.infd.edu.ar\/sitio\/preinscripciones-a-carreras-2-021\/preinscripcion-de-postulantes-al-ciclo-2021\/\" aria-label=\"More on Preinscripci\u00f3n de postulantes al Ciclo 2021!\">[+]<\/a><\/p>\n","protected":false},"author":317,"featured_media":0,"parent":976,"menu_order":0,"comment_status":"closed","ping_status":"closed","template":"","meta":[],"acf":[],"_links":{"self":[{"href":"https:\/\/icscpaz-sal.infd.edu.ar\/sitio\/wp-json\/wp\/v2\/pages\/1067"}],"collection":[{"href":"https:\/\/icscpaz-sal.infd.edu.ar\/sitio\/wp-json\/wp\/v2\/pages"}],"about":[{"href":"https:\/\/icscpaz-sal.infd.edu.ar\/sitio\/wp-json\/wp\/v2\/types\/page"}],"author":[{"embeddable":true,"href":"https:\/\/icscpaz-sal.infd.edu.ar\/sitio\/wp-json\/wp\/v2\/users\/317"}],"replies":[{"embeddable":true,"href":"https:\/\/icscpaz-sal.infd.edu.ar\/sitio\/wp-json\/wp\/v2\/comments?post=1067"}],"version-history":[{"count":1,"href":"https:\/\/icscpaz-sal.infd.edu.ar\/sitio\/wp-json\/wp\/v2\/pages\/1067\/revisions"}],"predecessor-version":[{"id":1068,"href":"https:\/\/icscpaz-sal.infd.edu.ar\/sitio\/wp-json\/wp\/v2\/pages\/1067\/revisions\/1068"}],"up":[{"embeddable":true,"href":"https:\/\/icscpaz-sal.infd.edu.ar\/sitio\/wp-json\/wp\/v2\/pages\/976"}],"wp:attachment":[{"href":"https:\/\/icscpaz-sal.infd.edu.ar\/sitio\/wp-json\/wp\/v2\/media?parent=1067"}],"curies":[{"name":"wp","href":"https:\/\/api.w.org\/{rel}","templated":true}]}}