{"id":286,"date":"2016-10-31T13:17:59","date_gmt":"2016-10-31T16:17:59","guid":{"rendered":"https:\/\/icscpaz-sal.infd.edu.ar\/sitio\/?page_id=286"},"modified":"2020-12-09T05:05:19","modified_gmt":"2020-12-09T08:05:19","slug":"inicio","status":"publish","type":"page","link":"https:\/\/icscpaz-sal.infd.edu.ar\/sitio\/","title":{"rendered":"Inicio"},"content":{"rendered":"<p style=\"padding-left: 30px; text-align: center;\"><span style=\"color: #000080; font-family: arial, helvetica, sans-serif; font-size: large;\"><strong>\u00a0Instituto Superior de Carreras \u00a0N\u00b0 6.016<\/strong><\/span><\/p>\n<p style=\"padding-left: 30px; text-align: center;\"><span style=\"color: #000080; font-family: arial, helvetica, sans-serif; font-size: 18pt;\"><strong>\u00abConsc. Ricardo A. Paz\u00bb\u00a0<\/strong><\/span><\/p>\n<p style=\"text-align: center;\">\n<iframe loading=\"lazy\" src=\"https:\/\/www.youtube.com\/embed\/E2DrgLFUF50\" width=\"560\" height=\"315\" frameborder=\"0\" allowfullscreen=\"allowfullscreen\"><\/iframe><\/p>\n<h5><span style=\"font-size: 10pt; color: black; font-family: Verdana;\">E<\/span><span style=\"font-size: 10pt; color: black; font-family: Verdana;\">ste Instituto Superior de Formaci\u00f3n Docente forma parte del sistema de educaci\u00f3n p\u00fablica de gesti\u00f3n estatal y en este a\u00f1o, 2.020, <\/span><\/h5>\n<h5><span style=\"font-size: 10pt; color: black; font-family: Verdana;\">est\u00e1 formando a futuros profesionales en cinco carreras:<\/span><\/h5>\n<ul>\n<li>\n<h5>Profesorado en Educaci\u00f3n F\u00edsica<\/h5>\n<\/li>\n<li>\n<h5>Profesorado en Ingl\u00e9s<\/h5>\n<\/li>\n<li>\n<h5>Tecnicatura Superior en Comunicaci\u00f3n social orientada al Desarrollo local<\/h5>\n<\/li>\n<li>\n<h5>Tecnicatura Superior en Higiene y Seguridad en el trabajo<\/h5>\n<\/li>\n<li>\n<h5>Tecnicatura Superior en Agroalimentos<\/h5>\n<\/li>\n<\/ul>\n<h5 style=\"text-align: left;\"><span style=\"font-size: 14pt; color: black; font-family: Verdana;\"><img decoding=\"async\" src=\"https:\/\/icscpaz-sal.infd.edu.ar\/sitio\/wp-content\/uploads\/2018\/08\/la_red.jpg\" alt=\"Red virtual\" align=\"left\" border=\"0\" hspace=\"10\" \/><\/span><span style=\"font-size: 10pt; color: black; font-family: Verdana;\">Junto con varios cientos de Institutos, integramos la <strong><em><span style=\"font-family: Verdana;\">Red\u00a0Virtual de Institutos Superiores de Formaci\u00f3n <\/span><\/em><\/strong><\/span><\/h5>\n<h5 style=\"text-align: left;\"><span style=\"font-size: 10pt; color: black; font-family: Verdana;\"><strong><em><span style=\"font-family: Verdana;\">Docente<\/span><\/em><\/strong>\u00a0coordinada por el <strong><span style=\"font-family: Verdana;\">INFD<\/span><\/strong> (Instituto Nacional de Formaci\u00f3n Docente) dependiente del Ministerio <\/span><\/h5>\n<h5 style=\"text-align: left;\"><span style=\"font-size: 10pt; color: black; font-family: Verdana;\">de Educaci\u00f3n de la Naci\u00f3n Argentina.<\/span><\/h5>\n<table id=\"table1\" class=\"aligncenter\" style=\"width: 5px; height: 12px;\" border=\"1\" cellspacing=\"0\" cellpadding=\"10\" align=\"center\">\n<tbody>\n<tr>\n<td style=\"border: 1px solid;\"><\/td>\n<\/tr>\n<\/tbody>\n<\/table>\n<p style=\"text-align: center;\">CONVOCATORIA ABIERTA<\/p>\n<h2 style=\"text-align: center;\"><span style=\"color: #800080;\"><strong>Foto relato en tiempos de pandemia <\/strong><\/span><\/h2>\n<p style=\"text-align: center;\">Una mirada desde las y los <strong>estudiantes<\/strong> de formaci\u00f3n docente y tecnicaturas y tambi\u00e9n, desde las y los <strong>profesores<\/strong>.<\/p>\n<figure id=\"attachment_858\" aria-describedby=\"caption-attachment-858\" style=\"width: 560px\" class=\"wp-caption aligncenter\"><img decoding=\"async\" loading=\"lazy\" class=\" wp-image-858\" src=\"https:\/\/icscpaz-sal.infd.edu.ar\/sitio\/wp-content\/uploads\/2020\/09\/Captura-de-Pantalla-2020-09-05-a-las-22.02.17.png\" alt=\"\" width=\"570\" height=\"188\" srcset=\"https:\/\/icscpaz-sal.infd.edu.ar\/sitio\/wp-content\/uploads\/2020\/09\/Captura-de-Pantalla-2020-09-05-a-las-22.02.17.png 958w, https:\/\/icscpaz-sal.infd.edu.ar\/sitio\/wp-content\/uploads\/2020\/09\/Captura-de-Pantalla-2020-09-05-a-las-22.02.17-768x253.png 768w\" sizes=\"(max-width: 570px) 100vw, 570px\" \/><figcaption id=\"caption-attachment-858\" class=\"wp-caption-text\">Para estudiantes!<\/figcaption><\/figure>\n<p style=\"text-align: center;\"><a href=\"https:\/\/icscpaz-sal.infd.edu.ar\/sitio\/wp-content\/uploads\/2020\/09\/Convocatoria-Foto-Relato-Provincia-de-Salta-Estudiantes.pdf\">Click aqu\u00ed para m\u00e1s informaci\u00f3n!<\/a><\/p>\n<figure id=\"attachment_859\" aria-describedby=\"caption-attachment-859\" style=\"width: 572px\" class=\"wp-caption aligncenter\"><img decoding=\"async\" loading=\"lazy\" class=\" wp-image-859\" src=\"https:\/\/icscpaz-sal.infd.edu.ar\/sitio\/wp-content\/uploads\/2020\/09\/Captura-de-Pantalla-2020-09-05-a-las-22.02.29.png\" alt=\"\" width=\"582\" height=\"192\" srcset=\"https:\/\/icscpaz-sal.infd.edu.ar\/sitio\/wp-content\/uploads\/2020\/09\/Captura-de-Pantalla-2020-09-05-a-las-22.02.29.png 952w, https:\/\/icscpaz-sal.infd.edu.ar\/sitio\/wp-content\/uploads\/2020\/09\/Captura-de-Pantalla-2020-09-05-a-las-22.02.29-768x253.png 768w\" sizes=\"(max-width: 582px) 100vw, 582px\" \/><figcaption id=\"caption-attachment-859\" class=\"wp-caption-text\">Para profesores!<\/figcaption><\/figure>\n<p style=\"text-align: center;\"><a href=\"https:\/\/icscpaz-sal.infd.edu.ar\/sitio\/wp-content\/uploads\/2020\/09\/Convocatoria-Foto-Relato-Provincia-de-Salta-Docentes.pdf\">Click aqu\u00ed para m\u00e1s informaci\u00f3n!<\/a><\/p>\n<div id=\"metaslider-id-403\" style=\"width: 100%;\" class=\"ml-slider-3-33-0 metaslider metaslider-flex metaslider-403 ml-slider ms-theme-default\" role=\"region\" aria-roledescription=\"Slideshow\" aria-label=\"Slideshow\">\n    <div id=\"metaslider_container_403\">\n        <div id=\"metaslider_403\" class=\"flexslider\">\n            <ul aria-live=\"polite\" class=\"slides\">\n                <li style=\"display: block; width: 100%;\" class=\"slide-607 ms-image\" aria-roledescription=\"slide\" aria-label=\"slide-607\"><a href=\"https:\/\/mapa.infd.edu.ar\/\" target=\"_blank\"><img src=\"https:\/\/icscpaz-sal.infd.edu.ar\/sitio\/wp-content\/uploads\/2018\/06\/mapa_infd6-1100x200.png\" height=\"200\" width=\"1100\" alt=\"\" class=\"slider-403 slide-607\" title=\"mapa_infd6\" \/><\/a><\/li>\n                <li style=\"display: none; width: 100%;\" class=\"slide-609 ms-image\" aria-roledescription=\"slide\" aria-label=\"slide-609\"><a href=\"https:\/\/www.argentina.gob.ar\/educacion\/becas\" target=\"_blank\"><img src=\"https:\/\/icscpaz-sal.infd.edu.ar\/sitio\/wp-content\/uploads\/2018\/06\/becas7-1100x200.png\" height=\"200\" width=\"1100\" alt=\"\" class=\"slider-403 slide-609\" title=\"becas7\" \/><\/a><\/li>\n                <li style=\"display: none; width: 100%;\" class=\"slide-635 ms-image\" aria-roledescription=\"slide\" aria-label=\"slide-635\"><a href=\"https:\/\/www.argentina.gob.ar\/tema\/estudiar\/formacion-docencia\" target=\"_blank\"><img src=\"https:\/\/icscpaz-sal.infd.edu.ar\/sitio\/wp-content\/uploads\/2018\/06\/convocatorias_slide6-1-1100x200.png\" height=\"200\" width=\"1100\" alt=\"\" class=\"slider-403 slide-635\" title=\"convocatorias_slide6-1\" \/><\/a><\/li>\n            <\/ul>\n        <\/div>\n        \n    <\/div>\n<\/div>\n","protected":false},"excerpt":{"rendered":"<p>\u00a0Instituto Superior de Carreras \u00a0N\u00b0 6.016 \u00abConsc. Ricardo A. Paz\u00bb\u00a0 Este Instituto Superior de Formaci\u00f3n Docente forma parte del sistema de educaci\u00f3n p\u00fablica de gesti\u00f3n estatal y en este a\u00f1o, 2.020, est\u00e1 formando a futuros profesionales en cinco carreras: Profesorado en Educaci\u00f3n F\u00edsica Profesorado en Ingl\u00e9s Tecnicatura Superior en Comunicaci\u00f3n social orientada al Desarrollo local &#8230; <a title=\"Inicio\" class=\"read-more\" href=\"https:\/\/icscpaz-sal.infd.edu.ar\/sitio\/\" aria-label=\"More on Inicio\">[+]<\/a><\/p>\n","protected":false},"author":1,"featured_media":0,"parent":0,"menu_order":0,"comment_status":"closed","ping_status":"closed","template":"","meta":[],"acf":[],"_links":{"self":[{"href":"https:\/\/icscpaz-sal.infd.edu.ar\/sitio\/wp-json\/wp\/v2\/pages\/286"}],"collection":[{"href":"https:\/\/icscpaz-sal.infd.edu.ar\/sitio\/wp-json\/wp\/v2\/pages"}],"about":[{"href":"https:\/\/icscpaz-sal.infd.edu.ar\/sitio\/wp-json\/wp\/v2\/types\/page"}],"author":[{"embeddable":true,"href":"https:\/\/icscpaz-sal.infd.edu.ar\/sitio\/wp-json\/wp\/v2\/users\/1"}],"replies":[{"embeddable":true,"href":"https:\/\/icscpaz-sal.infd.edu.ar\/sitio\/wp-json\/wp\/v2\/comments?post=286"}],"version-history":[{"count":101,"href":"https:\/\/icscpaz-sal.infd.edu.ar\/sitio\/wp-json\/wp\/v2\/pages\/286\/revisions"}],"predecessor-version":[{"id":966,"href":"https:\/\/icscpaz-sal.infd.edu.ar\/sitio\/wp-json\/wp\/v2\/pages\/286\/revisions\/966"}],"wp:attachment":[{"href":"https:\/\/icscpaz-sal.infd.edu.ar\/sitio\/wp-json\/wp\/v2\/media?parent=286"}],"curies":[{"name":"wp","href":"https:\/\/api.w.org\/{rel}","templated":true}]}}