{"id":786,"date":"2018-08-31T14:10:20","date_gmt":"2018-08-31T17:10:20","guid":{"rendered":"https:\/\/icscpaz-sal.infd.edu.ar\/sitio\/historia\/"},"modified":"2020-12-09T05:15:46","modified_gmt":"2020-12-09T08:15:46","slug":"historia","status":"publish","type":"page","link":"https:\/\/icscpaz-sal.infd.edu.ar\/sitio\/historia\/","title":{"rendered":"Historia"},"content":{"rendered":"<h2><span style=\"font-size: 10pt;\">Atendiendo al cambio que se genera en la decada del a\u00f1o 1990, producto de la globalizaci\u00f3n, en donde se privatiza la Empresa Estatal de Hidrocarburos YPF, presente en la zona por varias decadas, surge la imperiosa necesidad de la poblaci\u00f3n de buscar un medio para la capacitaci\u00f3n y\/o formaci\u00f3n de sus jovenes. Es entonces, que un grupo de vecinos de la localidad, se reunen con el afan de crear un establecimiento educacional a nivel superior no universitaria.<\/span><\/h2>\n<h2><span style=\"font-size: 10pt;\">Este grupo se puso manos a la obra, realizando la gesti\u00f3n correspondiente, considerando indispendable para el crecimiento de la zona, que los jovenes puedan acceder a estudios superiores.<\/span><\/h2>\n<h2><span style=\"font-size: 10pt;\">La se\u00f1ora Betty Teresa Cornejo, quien se desempe\u00f1aba como diputada provincial en esos momentos, demostro mucho interes por colaborar con el anhelado proyecto e inmediatamente comenzo su gestion ante el Gobierno Provincial y el Ministerio de Educaci\u00f3n de la Provincia de Salta, abriendo el expediente N\u00b046-11073\/90.<\/span><\/h2>\n<h2><span style=\"font-size: 10pt;\">A traves del decreto N\u00b02761\/90 el Gobernador de la Provincia de Salta, Dr. Hernan Hipolito Cornejo autoriza la creaci\u00f3n del \u00abINSTITUTO DE CARRERAS SUPERIOR\u00bb, en la localidad de Gral. Enrique Mosconi, Departamento San Martin, Provincia de Salta.<\/span><\/h2>\n<h2 style=\"text-align: left;\"><span style=\"font-size: 10pt;\">Dicho decreto es refrendado por la Se\u00f1ora Ministra de Educaci\u00f3n: Prof. Maria Esther Altube de Perota y firmado por el Se\u00f1or Secretario de la Gobernaci\u00f3n Sr. Laureano Almiron.<\/span><\/h2>\n<h2><span style=\"font-size: 10pt;\">Comienza el ciclo lectivo el 1\u00b0 del Abril del a\u00f1o 1.991.<\/span><\/h2>\n<h2 style=\"text-align: center;\"><span style=\"text-decoration: underline; font-size: 10pt;\"><strong>Autoridades del Gobierno:<\/strong><\/span><\/h2>\n<h2><span style=\"font-size: 10pt;\"><strong>Gobernador: Dr. Hernan Hipolito Cornejo<\/strong><\/span><\/h2>\n<h2><span style=\"font-size: 10pt;\"><strong>Vicegobernador: Dr. Pedro Maximo de los Rios<\/strong><\/span><\/h2>\n<h2><span style=\"font-size: 10pt;\"><strong>Secretario General de la Gobernaci\u00f3n: Laureano Almiron<\/strong><\/span><\/h2>\n<h2><span style=\"font-size: 10pt;\"><strong>Ministro de Educaci\u00f3n: Prof. Maria Esther Altube de Perota<\/strong><\/span><\/h2>\n<h2><span style=\"font-size: 10pt;\"><strong>Secretario de Estado: Prof. Oscar Costa<\/strong><\/span><\/h2>\n<h2><span style=\"font-size: 10pt;\"><strong>Diputada Provincial: Sra. Betty Teresa de Cornejo<\/strong><\/span><\/h2>\n<h2 style=\"text-align: center;\"><span style=\"font-size: 10pt;\"><strong><span style=\"text-decoration: underline;\">Autoridades del Instituto<\/span><\/strong><\/span><\/h2>\n<h2 style=\"text-align: left;\"><span style=\"font-size: 10pt;\"><strong>Rectora: Prof. Beatriz Rodriguez de Miranda<\/strong><\/span><\/h2>\n<h2 style=\"text-align: left;\"><span style=\"font-size: 10pt;\"><strong>Coordinadora Pedagogica: Graciela Noemi Arrieta<\/strong><\/span><\/h2>\n<h2 style=\"text-align: left;\"><span style=\"font-size: 10pt;\"><strong>Secretaria: Cristina Elizabeth Romero<\/strong><\/span><\/h2>\n<h2 style=\"text-align: left;\"><span style=\"font-size: 10pt;\"><strong>Preceptoras: Irma Susana Torres<\/strong><\/span><\/h2>\n<h2 style=\"text-align: left;\"><span style=\"font-size: 10pt;\"><strong>\u00a0\u00a0\u00a0\u00a0\u00a0\u00a0\u00a0\u00a0\u00a0\u00a0\u00a0\u00a0\u00a0\u00a0\u00a0\u00a0\u00a0\u00a0\u00a0 Cladia Elizabeth Venencia<\/strong><\/span><\/h2>\n<h2 style=\"text-align: left;\"><span style=\"font-size: 10pt;\"><strong>\u00a0\u00a0\u00a0\u00a0\u00a0\u00a0\u00a0\u00a0\u00a0\u00a0\u00a0\u00a0\u00a0\u00a0\u00a0\u00a0\u00a0\u00a0\u00a0 Luiza Adriana Sequeira<\/strong><\/span><\/h2>\n<h2 style=\"text-align: center;\"><span style=\"font-size: 10pt;\"><strong><span style=\"text-decoration: underline;\">\u00a0Autoridades de la Direcci\u00f3n General Superior<\/span><\/strong><\/span><\/h2>\n<h2 style=\"text-align: left;\"><span style=\"font-size: 10pt;\"><strong>Directora General: Prof. Graciela LLovea de Arce<\/strong><\/span><\/h2>\n<h2 style=\"text-align: left;\"><span style=\"font-size: 10pt;\"><strong>Supervisor T\u00e9cnico: Lic. Juan Jose Nicolim<\/strong><\/span><\/h2>\n<h2 style=\"text-align: left;\"><span style=\"font-size: 10pt;\"><strong>Secretaria T\u00e9cnica: Prof.Susana Udi\u00f1es<\/strong><\/span><\/h2>\n<h2 style=\"text-align: left;\"><span style=\"font-size: 10pt;\"><strong><br \/>\n<\/strong><strong>Inicia las actividades en un edificio de la Escuela Primaria : Coronel Vidt.<\/strong><\/span><\/h2>\n<h2 style=\"text-align: left;\"><span style=\"font-size: 10pt;\"><strong>Nace con 210 alumnos y dos Carreras T\u00e9cnicas<\/strong><\/span><\/h2>\n<h2 style=\"text-align: left;\"><span style=\"font-size: 10pt;\"><strong>a)- T\u00e9cnico Superior en Administraci\u00f3n e Inform\u00e1tica.<\/strong><\/span><\/h2>\n<h2 style=\"text-align: left;\"><span style=\"font-size: 10pt;\"><strong>b)-T\u00e9cnico Superior en Laboratorio.<\/strong><\/span><\/h2>\n<h2 style=\"text-align: left;\"><span style=\"font-size: 10pt;\"><strong>Con un plantel docente conformado por:<\/strong><\/span><\/h2>\n<h2 style=\"text-align: left;\"><span style=\"font-size: 10pt;\"><strong>Prof. Silvia Dolores Alvarado<\/strong><\/span><\/h2>\n<h2 style=\"text-align: left;\"><span style=\"font-size: 10pt;\"><strong>Ing.Hector Enrique Alvarez<\/strong><\/span><\/h2>\n<h2 style=\"text-align: left;\"><span style=\"font-size: 10pt;\"><strong>Bioquimica:Liliana Mabel Boraboglia<\/strong><\/span><\/h2>\n<h2 style=\"text-align: left;\"><span style=\"font-size: 10pt;\"><strong>Analista: Luis Roque Sequeira<br \/>\n<\/strong><\/span><\/h2>\n<h2 style=\"text-align: left;\"><span style=\"font-size: 10pt;\"><strong>Ing.Cesar Escobar<\/strong><\/span><\/h2>\n<h2 style=\"text-align: left;\"><span style=\"font-size: 10pt;\"><strong>Tecnica en Administraci\u00f3n: Nora Ferreyra<\/strong><\/span><\/h2>\n<h2 style=\"text-align: left;\"><span style=\"font-size: 10pt;\"><strong>Prof. en Letras: Zaira Elizabeth Gomez<\/strong><\/span><\/h2>\n<h2 style=\"text-align: left;\"><span style=\"font-size: 10pt;\"><strong>Bioquimica: Gladys del Valle Miranda<\/strong><\/span><\/h2>\n<h2 style=\"text-align: left;\"><span style=\"font-size: 10pt;\"><strong>Prof. Rita Eloisa Martinez<\/strong><\/span><\/h2>\n<h2 style=\"text-align: left;\"><span style=\"font-size: 10pt;\"><strong>Prof.de Geografia: Claudia Medina de Rueda<\/strong><\/span><\/h2>\n<h2 style=\"text-align: left;\"><span style=\"font-size: 10pt;\"><strong>C.P.N.:Nelly Lucia Narvaez de Benitez<\/strong><\/span><\/h2>\n<h2 style=\"text-align: left;\"><span style=\"font-size: 10pt;\"><strong>Ing. Quimico: Julio Alberto Pereyra<\/strong><\/span><\/h2>\n<h2 style=\"text-align: left;\"><span style=\"font-size: 10pt;\"><strong>Prof. de Ingles: Betty Quiroz de Sanchez<br \/>\n<\/strong><\/span><\/h2>\n<h2><span style=\"font-size: 10pt;\"><strong>\u00a0<\/strong><\/span><\/h2>\n<h2 style=\"text-align: left;\"><span style=\"text-decoration: underline; font-size: 10pt;\"><strong>\u00a0<\/strong><\/span><\/h2>\n","protected":false},"excerpt":{"rendered":"<p>Atendiendo al cambio que se genera en la decada del a\u00f1o 1990, producto de la globalizaci\u00f3n, en donde se privatiza la Empresa Estatal de Hidrocarburos YPF, presente en la zona por varias decadas, surge la imperiosa necesidad de la poblaci\u00f3n de buscar un medio para la capacitaci\u00f3n y\/o formaci\u00f3n de sus jovenes. Es entonces, que &#8230; <a title=\"Historia\" class=\"read-more\" href=\"https:\/\/icscpaz-sal.infd.edu.ar\/sitio\/historia\/\" aria-label=\"More on Historia\">[+]<\/a><\/p>\n","protected":false},"author":18,"featured_media":0,"parent":0,"menu_order":0,"comment_status":"closed","ping_status":"closed","template":"","meta":[],"acf":[],"_links":{"self":[{"href":"https:\/\/icscpaz-sal.infd.edu.ar\/sitio\/wp-json\/wp\/v2\/pages\/786"}],"collection":[{"href":"https:\/\/icscpaz-sal.infd.edu.ar\/sitio\/wp-json\/wp\/v2\/pages"}],"about":[{"href":"https:\/\/icscpaz-sal.infd.edu.ar\/sitio\/wp-json\/wp\/v2\/types\/page"}],"author":[{"embeddable":true,"href":"https:\/\/icscpaz-sal.infd.edu.ar\/sitio\/wp-json\/wp\/v2\/users\/18"}],"replies":[{"embeddable":true,"href":"https:\/\/icscpaz-sal.infd.edu.ar\/sitio\/wp-json\/wp\/v2\/comments?post=786"}],"version-history":[{"count":2,"href":"https:\/\/icscpaz-sal.infd.edu.ar\/sitio\/wp-json\/wp\/v2\/pages\/786\/revisions"}],"predecessor-version":[{"id":973,"href":"https:\/\/icscpaz-sal.infd.edu.ar\/sitio\/wp-json\/wp\/v2\/pages\/786\/revisions\/973"}],"wp:attachment":[{"href":"https:\/\/icscpaz-sal.infd.edu.ar\/sitio\/wp-json\/wp\/v2\/media?parent=786"}],"curies":[{"name":"wp","href":"https:\/\/api.w.org\/{rel}","templated":true}]}}