{"id":790,"date":"2018-08-31T14:10:21","date_gmt":"2018-08-31T17:10:21","guid":{"rendered":"https:\/\/icscpaz-sal.infd.edu.ar\/sitio\/ubicacion\/"},"modified":"2020-11-11T15:01:09","modified_gmt":"2020-11-11T18:01:09","slug":"ubicacion","status":"publish","type":"page","link":"https:\/\/icscpaz-sal.infd.edu.ar\/sitio\/ubicacion\/","title":{"rendered":"Ubicaci\u00f3n"},"content":{"rendered":"<p><iframe loading=\"lazy\" src=\"https:\/\/maps.google.com.ar\/?ie=UTF8&amp;ll=-22.594419,-63.817896&amp;spn=0.001778,0.003449&amp;t=h&amp;z=18&amp;output=embed&amp;wmode=transparent\" width=\"425\" height=\"350\" frameborder=\"0\" marginwidth=\"0\" marginheight=\"0\" scrolling=\"no\"><br \/>\n<small><a style=\"color: #0000ff; text-align: left;\" href=\"https:\/\/maps.google.com.ar\/?ie=UTF8&amp;ll=-22.594419,-63.817896&amp;spn=0.001778,0.003449&amp;t=h&amp;z=18&amp;source=embed\">Ver mapa m\u00e1s grande<\/a><\/small>En esta p\u00e1gina pueden ir fotograf\u00edas del Instituto y un plano de ubicaci\u00f3n.&nbsp;<\/p>\n<p>&nbsp;<\/p>\n<p><\/iframe><\/p>\n<p>Los Lapachos y Betty T. Cornejo<\/p>\n<p>B\u00ba Francisco Tobar<\/p>\n<p>Gral. Enrique Mosconi<\/p>\n<p>Dpto. Gral. San Mart\u00edn, Salta, Argentina<\/p>\n","protected":false},"excerpt":{"rendered":"<p>Ver mapa m\u00e1s grandeEn esta p\u00e1gina pueden ir fotograf\u00edas del Instituto y un plano de ubicaci\u00f3n.&nbsp; &nbsp; Los Lapachos y Betty T. Cornejo B\u00ba Francisco Tobar Gral. Enrique Mosconi Dpto. Gral. San Mart\u00edn, Salta, Argentina<\/p>\n","protected":false},"author":18,"featured_media":0,"parent":0,"menu_order":0,"comment_status":"closed","ping_status":"closed","template":"","meta":[],"acf":[],"_links":{"self":[{"href":"https:\/\/icscpaz-sal.infd.edu.ar\/sitio\/wp-json\/wp\/v2\/pages\/790"}],"collection":[{"href":"https:\/\/icscpaz-sal.infd.edu.ar\/sitio\/wp-json\/wp\/v2\/pages"}],"about":[{"href":"https:\/\/icscpaz-sal.infd.edu.ar\/sitio\/wp-json\/wp\/v2\/types\/page"}],"author":[{"embeddable":true,"href":"https:\/\/icscpaz-sal.infd.edu.ar\/sitio\/wp-json\/wp\/v2\/users\/18"}],"replies":[{"embeddable":true,"href":"https:\/\/icscpaz-sal.infd.edu.ar\/sitio\/wp-json\/wp\/v2\/comments?post=790"}],"version-history":[{"count":2,"href":"https:\/\/icscpaz-sal.infd.edu.ar\/sitio\/wp-json\/wp\/v2\/pages\/790\/revisions"}],"predecessor-version":[{"id":932,"href":"https:\/\/icscpaz-sal.infd.edu.ar\/sitio\/wp-json\/wp\/v2\/pages\/790\/revisions\/932"}],"wp:attachment":[{"href":"https:\/\/icscpaz-sal.infd.edu.ar\/sitio\/wp-json\/wp\/v2\/media?parent=790"}],"curies":[{"name":"wp","href":"https:\/\/api.w.org\/{rel}","templated":true}]}}