{"id":910,"date":"2020-10-08T16:20:52","date_gmt":"2020-10-08T19:20:52","guid":{"rendered":"https:\/\/icscpaz-sal.infd.edu.ar\/sitio\/?page_id=910"},"modified":"2021-02-18T21:24:28","modified_gmt":"2021-02-19T00:24:28","slug":"mesas-de-examenes","status":"publish","type":"page","link":"https:\/\/icscpaz-sal.infd.edu.ar\/sitio\/mesas-de-examenes\/","title":{"rendered":"MESAS DE EXAMENES"},"content":{"rendered":"<p>&nbsp;<\/p>\n<div style=\"width: 100%;\">\n<div style=\"position: relative; padding-bottom: 56.25%; padding-top: 0; height: 0;\"><iframe loading=\"lazy\" style=\"position: absolute; top: 0; left: 0; width: 100%; height: 100%;\" src=\"https:\/\/view.genial.ly\/5f7db79dff7e400d7b15bd19\" width=\"1200\" height=\"675\" frameborder=\"0\" scrolling=\"yes\" allowfullscreen=\"allowfullscreen\"><\/iframe><\/div>\n<\/div>\n<p>&nbsp;<\/p>\n<h2>\u00bfEst\u00e1 llevando tiempo que la imagen se descargue?<\/h2>\n<h2>Prueba por aqu\u00ed, por favor:<\/h2>\n<ul>\n<li>\n<h2><a href=\"https:\/\/docs.google.com\/forms\/d\/e\/1FAIpQLSdUMZ9QHmP09yBlep6ZWvwi6LxTumtIPHQ9Chje7XLQseNkpA\/viewform\">Click aqu\u00ed<\/a> para acceder al formulario de inscripci\u00f3n del Prof. de Ingl\u00e9s<\/h2>\n<\/li>\n<li>\n<h2><a href=\"https:\/\/docs.google.com\/forms\/d\/e\/1FAIpQLScUIELZ6n_9CcxULvaj9WI0St5k_qAlxb4hTm9JEqPmmK8xMw\/viewform\">Click aqu\u00ed<\/a> para acceder al formulario de inscripci\u00f3n del Prof. de Educaci\u00f3n F\u00edsica<\/h2>\n<\/li>\n<li>\n<h2><a href=\"https:\/\/docs.google.com\/forms\/d\/e\/1FAIpQLSe4JWhOzfbqayUFNQ_HfawqPgqKRiPvp4K0F4e-IFXyEqpZuA\/viewform\">Click aqu\u00ed<\/a> para acceder al formulario de inscripci\u00f3n de la Tecn. Sup. en Agroalimentos<\/h2>\n<\/li>\n<li>\n<h2><a href=\"https:\/\/docs.google.com\/forms\/d\/e\/1FAIpQLSe3gStHyymCex4V-FtJ48B2rcgnd3KctxkXuCcx7Ay9A0Fh6A\/viewform\">Click aqu\u00ed<\/a> para acceder al formulario de inscripci\u00f3n de la Tecn. Sup. en Higiene y Seguridad en el trabajo<\/h2>\n<\/li>\n<li>\n<h2><a href=\"https:\/\/docs.google.com\/forms\/d\/e\/1FAIpQLSdDamx_nI969LhfmlzG66xLoDMSjlcWiQnPc56xrxn-10P-ig\/viewform\">Click aqu\u00ed<\/a> para acceder al formulario de inscripci\u00f3n de la Tecn. Sup. en Comunicaci\u00f3n Social orientada al desarrollo local<\/h2>\n<\/li>\n<\/ul>\n<p>&nbsp;<\/p>\n<h3><\/h3>\n<p><img decoding=\"async\" loading=\"lazy\" class=\"aligncenter  wp-image-1057\" src=\"https:\/\/icscpaz-sal.infd.edu.ar\/sitio\/wp-content\/uploads\/2021\/02\/Captura-de-pantalla-2021-02-18-a-las-21.23.15.png\" alt=\"\" width=\"1018\" height=\"986\" srcset=\"https:\/\/icscpaz-sal.infd.edu.ar\/sitio\/wp-content\/uploads\/2021\/02\/Captura-de-pantalla-2021-02-18-a-las-21.23.15.png 1260w, https:\/\/icscpaz-sal.infd.edu.ar\/sitio\/wp-content\/uploads\/2021\/02\/Captura-de-pantalla-2021-02-18-a-las-21.23.15-1000x968.png 1000w, https:\/\/icscpaz-sal.infd.edu.ar\/sitio\/wp-content\/uploads\/2021\/02\/Captura-de-pantalla-2021-02-18-a-las-21.23.15-768x744.png 768w\" sizes=\"(max-width: 1018px) 100vw, 1018px\" \/><\/p>\n<h2><\/h2>\n","protected":false},"excerpt":{"rendered":"<p>&nbsp; &nbsp; \u00bfEst\u00e1 llevando tiempo que la imagen se descargue? Prueba por aqu\u00ed, por favor: Click aqu\u00ed para acceder al formulario de inscripci\u00f3n del Prof. de Ingl\u00e9s Click aqu\u00ed para acceder al formulario de inscripci\u00f3n del Prof. de Educaci\u00f3n F\u00edsica Click aqu\u00ed para acceder al formulario de inscripci\u00f3n de la Tecn. Sup. en Agroalimentos Click &#8230; <a title=\"MESAS DE EXAMENES\" class=\"read-more\" href=\"https:\/\/icscpaz-sal.infd.edu.ar\/sitio\/mesas-de-examenes\/\" aria-label=\"More on MESAS DE EXAMENES\">[+]<\/a><\/p>\n","protected":false},"author":317,"featured_media":0,"parent":0,"menu_order":0,"comment_status":"closed","ping_status":"closed","template":"","meta":[],"acf":[],"_links":{"self":[{"href":"https:\/\/icscpaz-sal.infd.edu.ar\/sitio\/wp-json\/wp\/v2\/pages\/910"}],"collection":[{"href":"https:\/\/icscpaz-sal.infd.edu.ar\/sitio\/wp-json\/wp\/v2\/pages"}],"about":[{"href":"https:\/\/icscpaz-sal.infd.edu.ar\/sitio\/wp-json\/wp\/v2\/types\/page"}],"author":[{"embeddable":true,"href":"https:\/\/icscpaz-sal.infd.edu.ar\/sitio\/wp-json\/wp\/v2\/users\/317"}],"replies":[{"embeddable":true,"href":"https:\/\/icscpaz-sal.infd.edu.ar\/sitio\/wp-json\/wp\/v2\/comments?post=910"}],"version-history":[{"count":3,"href":"https:\/\/icscpaz-sal.infd.edu.ar\/sitio\/wp-json\/wp\/v2\/pages\/910\/revisions"}],"predecessor-version":[{"id":1058,"href":"https:\/\/icscpaz-sal.infd.edu.ar\/sitio\/wp-json\/wp\/v2\/pages\/910\/revisions\/1058"}],"wp:attachment":[{"href":"https:\/\/icscpaz-sal.infd.edu.ar\/sitio\/wp-json\/wp\/v2\/media?parent=910"}],"curies":[{"name":"wp","href":"https:\/\/api.w.org\/{rel}","templated":true}]}}