{"id":976,"date":"2020-12-20T21:19:53","date_gmt":"2020-12-21T00:19:53","guid":{"rendered":"https:\/\/icscpaz-sal.infd.edu.ar\/sitio\/?page_id=976"},"modified":"2021-03-05T21:57:08","modified_gmt":"2021-03-06T00:57:08","slug":"preinscripciones-a-carreras-2-021","status":"publish","type":"page","link":"https:\/\/icscpaz-sal.infd.edu.ar\/sitio\/preinscripciones-a-carreras-2-021\/","title":{"rendered":"INSCRIPCI\u00d3N AL CICLO LECTIVO 2021!"},"content":{"rendered":"<h1 style=\"text-align: center;\"><span style=\"color: #000080;\"><strong>INSCRIPCIONES AL CICLO LECTIVO 2.021<\/strong><\/span><\/h1>\n<h2><span style=\"color: #800080;\">8 de Marzo de 2021: <span style=\"color: #000000;\">Inicio del proceso de inscripci\u00f3n, en forma presencial, a Carreras de la Oferta 2021, de aquellas y aquellos postulantes que hayan aprobado el curso de ingreso y tambi\u00e9n, de los que ya son estudiantes de la Instituci\u00f3n.<\/span><\/span><\/h2>\n<h2><img decoding=\"async\" loading=\"lazy\" class=\"wp-image-988 aligncenter\" src=\"https:\/\/icscpaz-sal.infd.edu.ar\/sitio\/wp-content\/uploads\/2020\/12\/Clave.png\" alt=\"\" width=\"39\" height=\"38\" \/><\/h2>\n<h3 style=\"text-align: center;\"><span style=\"color: #ff0000;\"><strong>Publicaci\u00f3n del Cronograma: entre 5 y 6 de Marzo de 2021<\/strong><\/span><\/h3>\n<hr \/>\n<h2><span style=\"color: #800080;\">Documentaci\u00f3n a presentar:\u00a0<\/span><\/h2>\n<div style=\"width: 100%;\">\n<div style=\"position: relative; padding-bottom: 56.25%; padding-top: 0; height: 0;\">\n<ul>\n<li>\n<h3>Copia del DNI (dorso y reverso)<\/h3>\n<\/li>\n<li>\n<h3>\u00a0Constancia de CUIL\u00a0<em style=\"font-size: 16px;\">(Para descargar, click aqu\u00ed:\u00a0<a href=\"https:\/\/www.anses.gob.ar\/consulta\/constancia-de-cuil\">https:\/\/www.anses.gob.ar\/consulta\/constancia-de-cuil<\/a>)<\/em><\/h3>\n<\/li>\n<li>\n<h3>\u00a0Certificado de estudios secundarios, t\u00edtulo secundario o constancia que acredite la finalizaci\u00f3n de los estudios y donde se especifique si adeudan materias.<\/h3>\n<\/li>\n<li>\n<h3>\u00a0Partida de nacimiento por el Registro Civil actualizada\u00a0<em style=\"font-size: 16px;\">(Para solicitar on line, click aqu\u00ed:\u00a0<a href=\"https:\/\/registrocivilsalta.gob.ar\/kms2019\/enrol\/index.php?id=16\">https:\/\/registrocivilsalta.gob.ar\/kms2019\/enrol\/index.php?id=16<\/a>)<\/em><\/h3>\n<\/li>\n<li>\n<h3>\u00a02 Fotos 4&#215;4<\/h3>\n<\/li>\n<li>\n<h3>\u00a0Apto f\u00edsico\u00a0<em style=\"font-size: 16px;\">\u00a0(Para descargar formulario, click aqu\u00ed:\u00a0<a href=\"https:\/\/icscpaz-sal.infd.edu.ar\/sitio\/wp-content\/uploads\/2021\/03\/Formulario-Certificado-de-Control-Anual-de-Salud-Integral-Oblig_1.pdf\">Apto f\u00edsico)<\/a><\/em><\/h3>\n<\/li>\n<\/ul>\n<h3 style=\"text-align: center;\"><span style=\"color: #ff0000;\">Pago Obligatorio para todas\/os: Seguro 2021 IPS. $220,00<\/span><\/h3>\n<h3 style=\"text-align: center;\"><span style=\"color: #ff0000;\">Pago Obligatorio para ingresantes a 1* a\u00f1o: Libreta $100,00<\/span><\/h3>\n<p style=\"text-align: center;\">\n<\/div>\n<div style=\"position: relative; padding-bottom: 56.25%; padding-top: 0; height: 0;\">\n<p style=\"text-align: right;\">Actualizaci\u00f3n: 05\/03\/2021<\/p>\n<p>&nbsp;<\/p>\n<\/div>\n<\/div>\n","protected":false},"excerpt":{"rendered":"<p>INSCRIPCIONES AL CICLO LECTIVO 2.021 8 de Marzo de 2021: Inicio del proceso de inscripci\u00f3n, en forma presencial, a Carreras de la Oferta 2021, de aquellas y aquellos postulantes que hayan aprobado el curso de ingreso y tambi\u00e9n, de los que ya son estudiantes de la Instituci\u00f3n. Publicaci\u00f3n del Cronograma: entre 5 y 6 de &#8230; <a title=\"INSCRIPCI\u00d3N AL CICLO LECTIVO 2021!\" class=\"read-more\" href=\"https:\/\/icscpaz-sal.infd.edu.ar\/sitio\/preinscripciones-a-carreras-2-021\/\" aria-label=\"More on INSCRIPCI\u00d3N AL CICLO LECTIVO 2021!\">[+]<\/a><\/p>\n","protected":false},"author":317,"featured_media":0,"parent":0,"menu_order":0,"comment_status":"closed","ping_status":"closed","template":"","meta":[],"acf":[],"_links":{"self":[{"href":"https:\/\/icscpaz-sal.infd.edu.ar\/sitio\/wp-json\/wp\/v2\/pages\/976"}],"collection":[{"href":"https:\/\/icscpaz-sal.infd.edu.ar\/sitio\/wp-json\/wp\/v2\/pages"}],"about":[{"href":"https:\/\/icscpaz-sal.infd.edu.ar\/sitio\/wp-json\/wp\/v2\/types\/page"}],"author":[{"embeddable":true,"href":"https:\/\/icscpaz-sal.infd.edu.ar\/sitio\/wp-json\/wp\/v2\/users\/317"}],"replies":[{"embeddable":true,"href":"https:\/\/icscpaz-sal.infd.edu.ar\/sitio\/wp-json\/wp\/v2\/comments?post=976"}],"version-history":[{"count":50,"href":"https:\/\/icscpaz-sal.infd.edu.ar\/sitio\/wp-json\/wp\/v2\/pages\/976\/revisions"}],"predecessor-version":[{"id":1085,"href":"https:\/\/icscpaz-sal.infd.edu.ar\/sitio\/wp-json\/wp\/v2\/pages\/976\/revisions\/1085"}],"wp:attachment":[{"href":"https:\/\/icscpaz-sal.infd.edu.ar\/sitio\/wp-json\/wp\/v2\/media?parent=976"}],"curies":[{"name":"wp","href":"https:\/\/api.w.org\/{rel}","templated":true}]}}